{"id":3205,"date":"2026-01-13T16:33:15","date_gmt":"2026-01-13T16:33:15","guid":{"rendered":"https:\/\/nummenlinna.fi\/?page_id=3205"},"modified":"2026-04-04T09:10:35","modified_gmt":"2026-04-04T09:10:35","slug":"pienryhmakoti-nummenlinna","status":"publish","type":"page","link":"https:\/\/nummenlinna.fi\/index.php\/pienryhmakoti-nummenlinna\/","title":{"rendered":"Pienryhm\u00e4koti Nummenlinna"},"content":{"rendered":"\n<figure class=\"wp-block-gallery has-nested-images columns-default is-cropped wp-block-gallery-1 is-layout-flex wp-block-gallery-is-layout-flex\">\n<figure class=\"wp-block-image size-large\"><img loading=\"lazy\" decoding=\"async\" width=\"1024\" height=\"844\" data-id=\"3276\" src=\"https:\/\/nummenlinna.fi\/wp-content\/uploads\/2026\/01\/Nummenlinnan-talo-1024x844.webp\" alt=\"\" class=\"wp-image-3276\" srcset=\"https:\/\/nummenlinna.fi\/wp-content\/uploads\/2026\/01\/Nummenlinnan-talo-1024x844.webp 1024w, https:\/\/nummenlinna.fi\/wp-content\/uploads\/2026\/01\/Nummenlinnan-talo-300x247.webp 300w, https:\/\/nummenlinna.fi\/wp-content\/uploads\/2026\/01\/Nummenlinnan-talo-768x633.webp 768w, https:\/\/nummenlinna.fi\/wp-content\/uploads\/2026\/01\/Nummenlinnan-talo-1536x1266.webp 1536w, https:\/\/nummenlinna.fi\/wp-content\/uploads\/2026\/01\/Nummenlinnan-talo-2048x1688.webp 2048w\" sizes=\"auto, (max-width: 1024px) 100vw, 1024px\" \/><\/figure>\n\n\n\n<figure class=\"wp-block-image size-large\"><img loading=\"lazy\" decoding=\"async\" width=\"1024\" height=\"440\" data-id=\"3275\" src=\"https:\/\/nummenlinna.fi\/wp-content\/uploads\/2026\/01\/Nummenlinnan-pihaa-e1769521577430-1024x440.webp\" alt=\"\" class=\"wp-image-3275\" srcset=\"https:\/\/nummenlinna.fi\/wp-content\/uploads\/2026\/01\/Nummenlinnan-pihaa-e1769521577430-1024x440.webp 1024w, https:\/\/nummenlinna.fi\/wp-content\/uploads\/2026\/01\/Nummenlinnan-pihaa-e1769521577430-300x129.webp 300w, https:\/\/nummenlinna.fi\/wp-content\/uploads\/2026\/01\/Nummenlinnan-pihaa-e1769521577430-768x330.webp 768w, https:\/\/nummenlinna.fi\/wp-content\/uploads\/2026\/01\/Nummenlinnan-pihaa-e1769521577430.webp 1420w\" sizes=\"auto, (max-width: 1024px) 100vw, 1024px\" \/><\/figure>\n<\/figure>\n\n\n\n<p class=\"has-medium-font-size\">Pienryhm\u00e4koti Nummenlinna sijaitsee idyllisess\u00e4 Kellokosken kyl\u00e4ss\u00e4, Tuusulan ja J\u00e4rvenp\u00e4\u00e4n rajalla. Kellokoskella toimii Kellokosken yhten\u00e4iskoulu sek\u00e4 lukio, ja J\u00e4rvenp\u00e4\u00e4n l\u00e4heinen sijainti (5km) mahdollistaa helpon kulkemisen toisen asteen ammatillisiin opintoihin tai tutkintoon valmentaviin opintoihin. Yhteisty\u00f6t\u00e4 Kellokosken koulun kanssa on tehty jo 15 vuoden ajan ja saamme olla kiitollisia koulun tarjoamasta panostuksesta lastemme koulunk\u00e4ynnin eteen.  <\/p>\n\n\n\n<p class=\"has-medium-font-size\">Kellokoskella on monipuoliset harrastusmahdollisuudet; mm. tanssia, jalkapalloa, j\u00e4\u00e4kiekkoa ja k\u00e4dentaitoja sek\u00e4 kaksi uimarantaa, ja J\u00e4rvenp\u00e4\u00e4n keskustan l\u00e4heinen sijainti tarjoaa my\u00f6s monipuoliset harrastusmahdollisuudet.  Pienryhm\u00e4kotimme on helposti tavoitettavissa julkisilla kulkuneuvoilla, kuten junalla tai linja-autolla.<\/p>\n\n\n\n<p><strong>TILAT<\/strong><\/p>\n\n\n\n<figure class=\"wp-block-gallery has-nested-images columns-default is-cropped wp-block-gallery-2 is-layout-flex wp-block-gallery-is-layout-flex\">\n<figure class=\"wp-block-image size-large\"><img loading=\"lazy\" decoding=\"async\" width=\"768\" height=\"1024\" data-id=\"3272\" src=\"https:\/\/nummenlinna.fi\/wp-content\/uploads\/2026\/01\/Nummenlinnan-keittiota-768x1024.webp\" alt=\"\" class=\"wp-image-3272\" srcset=\"https:\/\/nummenlinna.fi\/wp-content\/uploads\/2026\/01\/Nummenlinnan-keittiota-768x1024.webp 768w, https:\/\/nummenlinna.fi\/wp-content\/uploads\/2026\/01\/Nummenlinnan-keittiota-225x300.webp 225w, https:\/\/nummenlinna.fi\/wp-content\/uploads\/2026\/01\/Nummenlinnan-keittiota-1152x1536.webp 1152w, https:\/\/nummenlinna.fi\/wp-content\/uploads\/2026\/01\/Nummenlinnan-keittiota-1536x2048.webp 1536w, https:\/\/nummenlinna.fi\/wp-content\/uploads\/2026\/01\/Nummenlinnan-keittiota-scaled.webp 1920w\" sizes=\"auto, (max-width: 768px) 100vw, 768px\" \/><\/figure>\n\n\n\n<figure class=\"wp-block-image size-large\"><img loading=\"lazy\" decoding=\"async\" width=\"768\" height=\"1024\" data-id=\"3274\" src=\"https:\/\/nummenlinna.fi\/wp-content\/uploads\/2026\/01\/Nummenlinnan-olohuone-768x1024.webp\" alt=\"\" class=\"wp-image-3274\" srcset=\"https:\/\/nummenlinna.fi\/wp-content\/uploads\/2026\/01\/Nummenlinnan-olohuone-768x1024.webp 768w, https:\/\/nummenlinna.fi\/wp-content\/uploads\/2026\/01\/Nummenlinnan-olohuone-225x300.webp 225w, https:\/\/nummenlinna.fi\/wp-content\/uploads\/2026\/01\/Nummenlinnan-olohuone-1152x1536.webp 1152w, https:\/\/nummenlinna.fi\/wp-content\/uploads\/2026\/01\/Nummenlinnan-olohuone-1536x2048.webp 1536w, https:\/\/nummenlinna.fi\/wp-content\/uploads\/2026\/01\/Nummenlinnan-olohuone-scaled.webp 1920w\" sizes=\"auto, (max-width: 768px) 100vw, 768px\" \/><\/figure>\n\n\n\n<figure class=\"wp-block-image size-large\"><img loading=\"lazy\" decoding=\"async\" width=\"768\" height=\"1024\" data-id=\"3273\" src=\"https:\/\/nummenlinna.fi\/wp-content\/uploads\/2026\/01\/Nummenlinnan-keittio-768x1024.webp\" alt=\"\" class=\"wp-image-3273\" srcset=\"https:\/\/nummenlinna.fi\/wp-content\/uploads\/2026\/01\/Nummenlinnan-keittio-768x1024.webp 768w, https:\/\/nummenlinna.fi\/wp-content\/uploads\/2026\/01\/Nummenlinnan-keittio-225x300.webp 225w, https:\/\/nummenlinna.fi\/wp-content\/uploads\/2026\/01\/Nummenlinnan-keittio-1152x1536.webp 1152w, https:\/\/nummenlinna.fi\/wp-content\/uploads\/2026\/01\/Nummenlinnan-keittio-1536x2048.webp 1536w, https:\/\/nummenlinna.fi\/wp-content\/uploads\/2026\/01\/Nummenlinnan-keittio-scaled.webp 1920w\" sizes=\"auto, (max-width: 768px) 100vw, 768px\" \/><\/figure>\n<\/figure>\n\n\n\n<p class=\"has-medium-font-size\">Pienryhm\u00e4koti toimii vuonna 1990 rakennetussa talossa. Tilat jakautuvat kolmeen kerrokseen, jossa jokaisessa on tarvittaessa mahdollisuus omaan rauhaan makuuhuoneiden lis\u00e4ksi. Yksik\u00f6ss\u00e4 on kiinnitetty erityist\u00e4 huomiota tilojen viihtyisyyteen, kodinomaisuuteen ja lapsiyst\u00e4v\u00e4llisyyteen. Tilat mahdollistavat sek\u00e4 yksityisyyden ett\u00e4 yhteis\u00f6llisyyden, ja tukevat arjen sujumista sek\u00e4 harrastustoimintaa.<br><\/p>\n\n\n\n<p class=\"has-medium-font-size\">Pienryhm\u00e4kotia ymp\u00e4r\u00f6i iso, suojaisa, peltoon rajoittuva piha, josta l\u00f6ytyy lapsille monipuolista tekemist\u00e4 ja paljon tilaa leikki\u00e4 ja pelailla. Pihalla on muun muassa iso tekonurmikentt\u00e4 maaleineen, trampoliini, pergola grillausta ja ajanviettoa varten sek\u00e4 kasvihuone.<br><\/p>\n\n\n\n<p class=\"has-medium-font-size\">Lapsi saa pienryhm\u00e4kotiin tullessaan ja sijoituksen aikana sisustaa huonettaan mieleisekseen. Olennaista<br>on, ett\u00e4 lapsi viihtyy huoneessaan ja h\u00e4nell\u00e4 on siell\u00e4 kotoisa ja turvallinen olo.<\/p>\n\n\n\n<p><strong>HENKIL\u00d6ST\u00d6<\/strong><\/p>\n\n\n\n<p class=\"has-medium-font-size\">Pienryhm\u00e4koti Nummenlinnan yksik\u00f6njohtajana toimii Alisa Silver (sosionomi AMK) vastaten siit\u00e4, ett\u00e4 yksik\u00f6n toiminta t\u00e4ytt\u00e4\u00e4 sille asetetut vaatimukset sek\u00e4 toimii yksik\u00f6n henkil\u00f6st\u00f6n l\u00e4hiesihenkil\u00f6n\u00e4. H\u00e4nen lis\u00e4kseen pienryhm\u00e4kodissa ty\u00f6skentelee ohjaajia sosionomi AMK-, l\u00e4hihoitaja-, nuoriso- ja vapaa-ajan tutkinnolla sek\u00e4 sairaanhoitaja vastaten yksik\u00f6n l\u00e4\u00e4kehoidosta. Yrityksen toiminnasta vastaavat Annamari Jansen (sosiaality\u00f6ntekij\u00e4 YTM) ja Bart Jansen (sosionomi AMK).<\/p>\n","protected":false},"excerpt":{"rendered":"<p>Pienryhm\u00e4koti Nummenlinna sijaitsee idyllisess\u00e4 Kellokosken kyl\u00e4ss\u00e4, Tuusulan ja J\u00e4rvenp\u00e4\u00e4n rajalla. Kellokoskella toimii Kellokosken yhten\u00e4iskoulu sek\u00e4 lukio, ja J\u00e4rvenp\u00e4\u00e4n l\u00e4heinen sijainti (5km) mahdollistaa helpon kulkemisen toisen asteen ammatillisiin opintoihin tai tutkintoon valmentaviin opintoihin. Yhteisty\u00f6t\u00e4 Kellokosken koulun kanssa on tehty jo 15 vuoden ajan ja saamme olla kiitollisia koulun tarjoamasta panostuksesta lastemme koulunk\u00e4ynnin eteen. Kellokoskella on monipuoliset&#8230;<\/p>\n","protected":false},"author":1,"featured_media":0,"parent":0,"menu_order":0,"comment_status":"closed","ping_status":"closed","template":"","meta":{"footnotes":""},"class_list":["post-3205","page","type-page","status-publish","hentry"],"_links":{"self":[{"href":"https:\/\/nummenlinna.fi\/index.php\/wp-json\/wp\/v2\/pages\/3205","targetHints":{"allow":["GET"]}}],"collection":[{"href":"https:\/\/nummenlinna.fi\/index.php\/wp-json\/wp\/v2\/pages"}],"about":[{"href":"https:\/\/nummenlinna.fi\/index.php\/wp-json\/wp\/v2\/types\/page"}],"author":[{"embeddable":true,"href":"https:\/\/nummenlinna.fi\/index.php\/wp-json\/wp\/v2\/users\/1"}],"replies":[{"embeddable":true,"href":"https:\/\/nummenlinna.fi\/index.php\/wp-json\/wp\/v2\/comments?post=3205"}],"version-history":[{"count":18,"href":"https:\/\/nummenlinna.fi\/index.php\/wp-json\/wp\/v2\/pages\/3205\/revisions"}],"predecessor-version":[{"id":3915,"href":"https:\/\/nummenlinna.fi\/index.php\/wp-json\/wp\/v2\/pages\/3205\/revisions\/3915"}],"wp:attachment":[{"href":"https:\/\/nummenlinna.fi\/index.php\/wp-json\/wp\/v2\/media?parent=3205"}],"curies":[{"name":"wp","href":"https:\/\/api.w.org\/{rel}","templated":true}]}}