{"id":3211,"date":"2026-01-13T16:35:00","date_gmt":"2026-01-13T16:35:00","guid":{"rendered":"https:\/\/nummenlinna.fi\/?page_id=3211"},"modified":"2026-04-04T09:12:09","modified_gmt":"2026-04-04T09:12:09","slug":"pienryhmakoti-sofianna","status":"publish","type":"page","link":"https:\/\/nummenlinna.fi\/index.php\/pienryhmakoti-sofianna\/","title":{"rendered":"Pienryhm\u00e4koti Sofianna"},"content":{"rendered":"\n<figure class=\"wp-block-gallery has-nested-images columns-default is-cropped wp-block-gallery-1 is-layout-flex wp-block-gallery-is-layout-flex\">\n<figure class=\"wp-block-image size-large\"><img loading=\"lazy\" decoding=\"async\" width=\"860\" height=\"1024\" data-id=\"3271\" src=\"https:\/\/nummenlinna.fi\/wp-content\/uploads\/2026\/01\/Sofianna-sisaankaynti-860x1024.webp\" alt=\"\" class=\"wp-image-3271\" srcset=\"https:\/\/nummenlinna.fi\/wp-content\/uploads\/2026\/01\/Sofianna-sisaankaynti-860x1024.webp 860w, https:\/\/nummenlinna.fi\/wp-content\/uploads\/2026\/01\/Sofianna-sisaankaynti-252x300.webp 252w, https:\/\/nummenlinna.fi\/wp-content\/uploads\/2026\/01\/Sofianna-sisaankaynti-768x914.webp 768w, https:\/\/nummenlinna.fi\/wp-content\/uploads\/2026\/01\/Sofianna-sisaankaynti-1291x1536.webp 1291w, https:\/\/nummenlinna.fi\/wp-content\/uploads\/2026\/01\/Sofianna-sisaankaynti-1721x2048.webp 1721w\" sizes=\"auto, (max-width: 860px) 100vw, 860px\" \/><\/figure>\n\n\n\n<figure class=\"wp-block-image size-large\"><img loading=\"lazy\" decoding=\"async\" width=\"1024\" height=\"971\" data-id=\"3270\" src=\"https:\/\/nummenlinna.fi\/wp-content\/uploads\/2026\/01\/Sofianna-takaterassi-1024x971.webp\" alt=\"\" class=\"wp-image-3270\" srcset=\"https:\/\/nummenlinna.fi\/wp-content\/uploads\/2026\/01\/Sofianna-takaterassi-1024x971.webp 1024w, https:\/\/nummenlinna.fi\/wp-content\/uploads\/2026\/01\/Sofianna-takaterassi-300x285.webp 300w, https:\/\/nummenlinna.fi\/wp-content\/uploads\/2026\/01\/Sofianna-takaterassi-768x729.webp 768w, https:\/\/nummenlinna.fi\/wp-content\/uploads\/2026\/01\/Sofianna-takaterassi-1536x1457.webp 1536w, https:\/\/nummenlinna.fi\/wp-content\/uploads\/2026\/01\/Sofianna-takaterassi-2048x1943.webp 2048w\" sizes=\"auto, (max-width: 1024px) 100vw, 1024px\" \/><\/figure>\n<\/figure>\n\n\n\n<p class=\"has-medium-font-size\"><strong>SIJAINTI<\/strong><\/p>\n\n\n\n<p class=\"has-medium-font-size\">Pienryhm\u00e4koti Sofianna sijaitsee rauhallisella ja viihtyis\u00e4ll\u00e4 pientaloalueella&nbsp;J\u00e4rvenp\u00e4\u00e4n keskustan kupeessa, hyvien kulkuyhteyksien p\u00e4\u00e4ss\u00e4. Keskeisen sijaintinsa ansiosta kaikki palvelut ja koulut ovat k\u00e4velyet\u00e4isyydell\u00e4. Pienryhm\u00e4kotimme sijaitsee Harjulan koulua vastap\u00e4\u00e4t\u00e4, joka mahdollistaa pienille koululaisille turvallisen ja lyhyen koulumatkan.&nbsp;J\u00e4rvenp\u00e4\u00e4n juna-aseman l\u00e4heisyys mahdollistaa nuorelle tarvittaessa helpon kulkemisen my\u00f6s kauempana sijaitseviin toisen asteen kouluihin. <\/p>\n\n\n\n<figure class=\"wp-block-gallery has-nested-images columns-default is-cropped wp-block-gallery-2 is-layout-flex wp-block-gallery-is-layout-flex\">\n<figure class=\"wp-block-image size-large\"><img loading=\"lazy\" decoding=\"async\" width=\"1024\" height=\"768\" data-id=\"3269\" src=\"https:\/\/nummenlinna.fi\/wp-content\/uploads\/2026\/01\/Sofianna-olohuonetta-1024x768.webp\" alt=\"\" class=\"wp-image-3269\" srcset=\"https:\/\/nummenlinna.fi\/wp-content\/uploads\/2026\/01\/Sofianna-olohuonetta-1024x768.webp 1024w, https:\/\/nummenlinna.fi\/wp-content\/uploads\/2026\/01\/Sofianna-olohuonetta-300x225.webp 300w, https:\/\/nummenlinna.fi\/wp-content\/uploads\/2026\/01\/Sofianna-olohuonetta-768x576.webp 768w, https:\/\/nummenlinna.fi\/wp-content\/uploads\/2026\/01\/Sofianna-olohuonetta-1536x1152.webp 1536w, https:\/\/nummenlinna.fi\/wp-content\/uploads\/2026\/01\/Sofianna-olohuonetta-2048x1536.webp 2048w\" sizes=\"auto, (max-width: 1024px) 100vw, 1024px\" \/><\/figure>\n\n\n\n<figure class=\"wp-block-image size-large\"><img loading=\"lazy\" decoding=\"async\" width=\"1024\" height=\"768\" data-id=\"3470\" src=\"https:\/\/nummenlinna.fi\/wp-content\/uploads\/2026\/02\/Sofianna-keittio-1024x768.jpeg\" alt=\"\" class=\"wp-image-3470\" srcset=\"https:\/\/nummenlinna.fi\/wp-content\/uploads\/2026\/02\/Sofianna-keittio-1024x768.jpeg 1024w, https:\/\/nummenlinna.fi\/wp-content\/uploads\/2026\/02\/Sofianna-keittio-300x225.jpeg 300w, https:\/\/nummenlinna.fi\/wp-content\/uploads\/2026\/02\/Sofianna-keittio-768x576.jpeg 768w, https:\/\/nummenlinna.fi\/wp-content\/uploads\/2026\/02\/Sofianna-keittio-1536x1152.jpeg 1536w, https:\/\/nummenlinna.fi\/wp-content\/uploads\/2026\/02\/Sofianna-keittio.jpeg 1600w\" sizes=\"auto, (max-width: 1024px) 100vw, 1024px\" \/><\/figure>\n\n\n\n<figure class=\"wp-block-image size-large\"><img loading=\"lazy\" decoding=\"async\" width=\"1024\" height=\"768\" data-id=\"3268\" src=\"https:\/\/nummenlinna.fi\/wp-content\/uploads\/2026\/01\/Sofianna-alakerta-1024x768.webp\" alt=\"\" class=\"wp-image-3268\" srcset=\"https:\/\/nummenlinna.fi\/wp-content\/uploads\/2026\/01\/Sofianna-alakerta-1024x768.webp 1024w, https:\/\/nummenlinna.fi\/wp-content\/uploads\/2026\/01\/Sofianna-alakerta-300x225.webp 300w, https:\/\/nummenlinna.fi\/wp-content\/uploads\/2026\/01\/Sofianna-alakerta-768x576.webp 768w, https:\/\/nummenlinna.fi\/wp-content\/uploads\/2026\/01\/Sofianna-alakerta-1536x1152.webp 1536w, https:\/\/nummenlinna.fi\/wp-content\/uploads\/2026\/01\/Sofianna-alakerta-2048x1536.webp 2048w\" sizes=\"auto, (max-width: 1024px) 100vw, 1024px\" \/><\/figure>\n<\/figure>\n\n\n\n<p class=\"has-medium-font-size\"><strong>TILAT<\/strong><br>Toimimme kodikkaassa, t\u00e4ysin remontoidussa omakotitalossa, jossa on molemmissa kerroksissa tilaa yhteisen ajan viettoon esim. biljardia tai p\u00f6yt\u00e4tennist\u00e4 pelaillen. Lapsilla on tilavat huoneet, joita sisustetaan mieleiseksi yhdess\u00e4 lapsen kanssa. Tontti rajoittuu Eino Leinon puistoon ja sijainti on rauhallinen. Isolla, suojaisalla pihalla voi touhuta monenlaista; hyppi\u00e4 trampalla, pelata jalkapalloa, grillailla, tutustua kasvihuoneviljelyn saloihin, tehd\u00e4 tuunaushommia tai muuten vaan viett\u00e4\u00e4 aikaa yhdess\u00e4 tai yksikseen.&nbsp;<\/p>\n\n\n\n<p class=\"has-medium-font-size\"><strong>HENKIL\u00d6ST\u00d6<\/strong><\/p>\n\n\n\n<p class=\"has-medium-font-size\">Pienryhm\u00e4koti Sofiannan yksik\u00f6njohtajana toimii Heidi Lahti (sosionomi AMK). Heidi opiskelee parhaillaan my\u00f6s sosionomi YAMK-tutkintoa. Heidi vastaa siit\u00e4, ett\u00e4 yksik\u00f6n toiminta t\u00e4ytt\u00e4\u00e4 sille asetetut vaatimukset ja toimii yksik\u00f6n henkil\u00f6st\u00f6n l\u00e4hiesihenkil\u00f6n\u00e4. H\u00e4nen lis\u00e4kseen pienryhm\u00e4kodissa ty\u00f6skentelee ohjaajia Sosionomi AMK-, l\u00e4hihoitaja-, nuoriso- ja vapaa-ajan tutkinnolla sek\u00e4 sairaanhoitaja vastaten yksik\u00f6n l\u00e4\u00e4kehoidosta. Yrityksen toiminnasta vastaavat Annamari Jansen (sosiaality\u00f6ntekij\u00e4 YTM) ja Bart Jansen (sosionomi AMK).<\/p>\n","protected":false},"excerpt":{"rendered":"<p>SIJAINTI Pienryhm\u00e4koti Sofianna sijaitsee rauhallisella ja viihtyis\u00e4ll\u00e4 pientaloalueella&nbsp;J\u00e4rvenp\u00e4\u00e4n keskustan kupeessa, hyvien kulkuyhteyksien p\u00e4\u00e4ss\u00e4. Keskeisen sijaintinsa ansiosta kaikki palvelut ja koulut ovat k\u00e4velyet\u00e4isyydell\u00e4. Pienryhm\u00e4kotimme sijaitsee Harjulan koulua vastap\u00e4\u00e4t\u00e4, joka mahdollistaa pienille koululaisille turvallisen ja lyhyen koulumatkan.&nbsp;J\u00e4rvenp\u00e4\u00e4n juna-aseman l\u00e4heisyys mahdollistaa nuorelle tarvittaessa helpon kulkemisen my\u00f6s kauempana sijaitseviin toisen asteen kouluihin. TILATToimimme kodikkaassa, t\u00e4ysin remontoidussa omakotitalossa, jossa on&#8230;<\/p>\n","protected":false},"author":1,"featured_media":0,"parent":0,"menu_order":0,"comment_status":"closed","ping_status":"closed","template":"","meta":{"footnotes":""},"class_list":["post-3211","page","type-page","status-publish","hentry"],"_links":{"self":[{"href":"https:\/\/nummenlinna.fi\/index.php\/wp-json\/wp\/v2\/pages\/3211","targetHints":{"allow":["GET"]}}],"collection":[{"href":"https:\/\/nummenlinna.fi\/index.php\/wp-json\/wp\/v2\/pages"}],"about":[{"href":"https:\/\/nummenlinna.fi\/index.php\/wp-json\/wp\/v2\/types\/page"}],"author":[{"embeddable":true,"href":"https:\/\/nummenlinna.fi\/index.php\/wp-json\/wp\/v2\/users\/1"}],"replies":[{"embeddable":true,"href":"https:\/\/nummenlinna.fi\/index.php\/wp-json\/wp\/v2\/comments?post=3211"}],"version-history":[{"count":15,"href":"https:\/\/nummenlinna.fi\/index.php\/wp-json\/wp\/v2\/pages\/3211\/revisions"}],"predecessor-version":[{"id":3917,"href":"https:\/\/nummenlinna.fi\/index.php\/wp-json\/wp\/v2\/pages\/3211\/revisions\/3917"}],"wp:attachment":[{"href":"https:\/\/nummenlinna.fi\/index.php\/wp-json\/wp\/v2\/media?parent=3211"}],"curies":[{"name":"wp","href":"https:\/\/api.w.org\/{rel}","templated":true}]}}