{"id":3218,"date":"2026-01-14T08:53:52","date_gmt":"2026-01-14T08:53:52","guid":{"rendered":"https:\/\/nummenlinna.fi\/?page_id=3218"},"modified":"2026-04-04T09:27:03","modified_gmt":"2026-04-04T09:27:03","slug":"yhteystiedot-ja-paikkatiedustelut","status":"publish","type":"page","link":"https:\/\/nummenlinna.fi\/index.php\/yhteystiedot-ja-paikkatiedustelut\/","title":{"rendered":"Yhteystiedot ja paikkatiedustelut"},"content":{"rendered":"\n<div class=\"wp-block-group is-vertical is-layout-flex wp-container-core-group-is-layout-68afab4e wp-block-group-is-layout-flex\">\n<div class=\"wp-block-group\"><div class=\"wp-block-group__inner-container is-layout-constrained wp-block-group-is-layout-constrained\">\n<div class=\"wp-block-group is-vertical is-layout-flex wp-container-core-group-is-layout-8cf370e7 wp-block-group-is-layout-flex\">\n<p class=\"has-text-color has-link-color wp-elements-0d91d126e70eb363a874a9c5b459a65e\" style=\"color:#88a35b;font-size:24px\"><strong>Paikkatiedustelut, p. 044-5000011<\/strong> (24\/7)<\/p>\n\n\n\n<p class=\"has-medium-font-size\"><strong>Sopimusasiat:<\/strong> <\/p>\n\n\n\n<p class=\"has-medium-font-size\">Toiminnanjohtaja Annamari Jansen<\/p>\n\n\n\n<p class=\"has-medium-font-size\">p. 040-5166089<\/p>\n\n\n\n<p class=\"has-medium-font-size\">annamarijansen@nummenlinna.fi<\/p>\n\n\n\n<p><\/p>\n<\/div>\n<\/div><\/div>\n<\/div>\n\n\n\n<div class=\"wp-block-group is-vertical is-layout-flex wp-container-core-group-is-layout-8cad6afd wp-block-group-is-layout-flex\">\n<div class=\"wp-block-group is-vertical is-layout-flex wp-container-core-group-is-layout-8cf370e7 wp-block-group-is-layout-flex\">\n<div class=\"wp-block-group is-vertical is-layout-flex wp-container-core-group-is-layout-8cf370e7 wp-block-group-is-layout-flex\">\n<p style=\"font-size:24px\"><strong>Pienryhm\u00e4koti Nummenlinna<\/strong><\/p>\n\n\n\n<p class=\"has-medium-font-size\">Vanha Valtatie 126<\/p>\n\n\n\n<p class=\"has-medium-font-size\">04500 Kellokoski<\/p>\n\n\n\n<p class=\"has-medium-font-size\">Yksik\u00f6njohtaja Alisa Silver<\/p>\n\n\n\n<p class=\"has-medium-font-size\">p. 041-3123549<\/p>\n\n\n\n<p class=\"has-medium-font-size\">alisasilver@nummenlinna.fi<\/p>\n\n\n\n<p class=\"has-medium-font-size\">Ohjaajat p. 044-9743832 (24\/7)<\/p>\n\n\n\n<p><\/p>\n<\/div>\n<\/div>\n<\/div>\n\n\n\n<div class=\"wp-block-group is-vertical is-layout-flex wp-container-core-group-is-layout-8cf370e7 wp-block-group-is-layout-flex\">\n<p><\/p>\n\n\n\n<p><\/p>\n\n\n\n<p style=\"font-size:24px\"><strong>Pienryhm\u00e4koti Sofianna<\/strong><\/p>\n\n\n\n<p class=\"has-medium-font-size\">Verkkotie 15<\/p>\n\n\n\n<p class=\"has-medium-font-size\">04400 J\u00e4rvenp\u00e4\u00e4<\/p>\n\n\n\n<p class=\"has-medium-font-size\">Yksik\u00f6njohtaja Heidi Lahti<\/p>\n\n\n\n<p class=\"has-medium-font-size\">p. 041-3119635<\/p>\n\n\n\n<p class=\"has-medium-font-size\">heidilahti@sofianna.fi<\/p>\n\n\n\n<p class=\"has-medium-font-size\">Ohjaajat p. 044-2351376 (24\/7)<\/p>\n<\/div>\n\n\n\n<div class=\"wp-block-columns is-layout-flex wp-container-core-columns-is-layout-9d6595d7 wp-block-columns-is-layout-flex\">\n<div class=\"wp-block-column is-layout-flow wp-block-column-is-layout-flow\"><\/div>\n<\/div>\n\n\n\n<p><br><br><\/p>\n","protected":false},"excerpt":{"rendered":"<p>Paikkatiedustelut, p. 044-5000011 (24\/7) Sopimusasiat: Toiminnanjohtaja Annamari Jansen p. 040-5166089 annamarijansen@nummenlinna.fi Pienryhm\u00e4koti Nummenlinna Vanha Valtatie 126 04500 Kellokoski Yksik\u00f6njohtaja Alisa Silver p. 041-3123549 alisasilver@nummenlinna.fi Ohjaajat p. 044-9743832 (24\/7) Pienryhm\u00e4koti Sofianna Verkkotie 15 04400 J\u00e4rvenp\u00e4\u00e4 Yksik\u00f6njohtaja Heidi Lahti p. 041-3119635 heidilahti@sofianna.fi Ohjaajat p. 044-2351376 (24\/7)<\/p>\n","protected":false},"author":1,"featured_media":0,"parent":0,"menu_order":0,"comment_status":"closed","ping_status":"closed","template":"","meta":{"footnotes":""},"class_list":["post-3218","page","type-page","status-publish","hentry"],"_links":{"self":[{"href":"https:\/\/nummenlinna.fi\/index.php\/wp-json\/wp\/v2\/pages\/3218","targetHints":{"allow":["GET"]}}],"collection":[{"href":"https:\/\/nummenlinna.fi\/index.php\/wp-json\/wp\/v2\/pages"}],"about":[{"href":"https:\/\/nummenlinna.fi\/index.php\/wp-json\/wp\/v2\/types\/page"}],"author":[{"embeddable":true,"href":"https:\/\/nummenlinna.fi\/index.php\/wp-json\/wp\/v2\/users\/1"}],"replies":[{"embeddable":true,"href":"https:\/\/nummenlinna.fi\/index.php\/wp-json\/wp\/v2\/comments?post=3218"}],"version-history":[{"count":19,"href":"https:\/\/nummenlinna.fi\/index.php\/wp-json\/wp\/v2\/pages\/3218\/revisions"}],"predecessor-version":[{"id":3924,"href":"https:\/\/nummenlinna.fi\/index.php\/wp-json\/wp\/v2\/pages\/3218\/revisions\/3924"}],"wp:attachment":[{"href":"https:\/\/nummenlinna.fi\/index.php\/wp-json\/wp\/v2\/media?parent=3218"}],"curies":[{"name":"wp","href":"https:\/\/api.w.org\/{rel}","templated":true}]}}