{"id":3464,"date":"2026-02-04T10:34:20","date_gmt":"2026-02-04T10:34:20","guid":{"rendered":"https:\/\/nummenlinna.fi\/?page_id=3464"},"modified":"2026-04-04T09:05:41","modified_gmt":"2026-04-04T09:05:41","slug":"meista","status":"publish","type":"page","link":"https:\/\/nummenlinna.fi\/index.php\/meista\/","title":{"rendered":"Meist\u00e4"},"content":{"rendered":"\n<p class=\"has-medium-font-size\">Lastensuojelupalvelut Nummenlinna Oy on tarjonnut lastensuojelun sijaishuollon palveluita vuodesta 2011.&nbsp;Yksikk\u00f6mme Pienryhm\u00e4koti Nummenlinna Tuusulan Kellokoskella ja Pienryhm\u00e4koti Sofianna J\u00e4rvenp\u00e4\u00e4ss\u00e4 toimivat perustason laitosluvilla. Molemmissa pienryhm\u00e4kodeissamme on seitsem\u00e4n&nbsp;paikkaa huostaanotetuille tai avohuollon tukitoimena sijoitetuille kouluik\u00e4isille lapsille ja nuorille, jotka hy\u00f6tyv\u00e4t&nbsp;hoidosta ja kasvatuksesta kodikkaassa ymp\u00e4rist\u00f6ss\u00e4.&nbsp;Kiireelliset sijoitukset ovat mahdollisia tarkoin arvioituna, sill\u00e4 pyrimme s\u00e4ilytt\u00e4m\u00e4\u00e4n mahdollisimman vakaat ja ennakoitavat olosuhteet meille jo sijoitetuille lapsille ja nuorille. <\/p>\n\n\n\n<p class=\"has-medium-font-size\">Olemme pieni, perheomisteinen yritys, jonka tavoitteena on kuntouttava, laadukas lastensuojeluty\u00f6 ja n\u00e4emme kunniateht\u00e4v\u00e4n\u00e4mme olla osa meille sijoitettujen lasten lapsuutta ja nuoruutta.&nbsp;Ty\u00f6mme tavoitteena on lapsen\/nuoren kuntoutumisen ohella perheen j\u00e4lleenyhdist\u00e4minen tai nuoren tukeminen itsen\u00e4iseen el\u00e4m\u00e4\u00e4n. Pyrimme el\u00e4m\u00e4\u00e4n tavallista arkea, jossa koulunk\u00e4ynti, harrastukset, sosiaaliset suhteet ja yhteisen ajan viett\u00e4minen ovat sen peruspilareita. Avoin vuorovaikutus, rehellisyys ja asioiden l\u00e4pikotainen selvitt\u00e4minen puhumalla ovat ensisijaisia ongelmanratkaisukeinoja. Uskomme, ett\u00e4 meill\u00e4 aikuisilla on vastuu ohjata lasta l\u00f6yt\u00e4m\u00e4\u00e4n omat voimavarat ja vahvuudet sek\u00e4 kannatella lasta kohti mahdollisimman tasapainoista aikuisuutta.<\/p>\n\n\n\n<p class=\"has-medium-font-size\">Lastensuojelupalvelut Nummenlinna Oy:n juuret juontavat aikaan, jolloin yrityksen omistajat toimivat ammatillisen perhekodin vanhempina tarjoten sijaishuoltoa tarvitseville lapsille mahdollisuuden perheenomaiseen, mahdollisimman tavalliseen kasvuymp\u00e4rist\u00f6\u00f6n. T\u00e4t\u00e4 ajatusta pyrimme vaalimaan my\u00f6s laitosmuotoisessa sijaishuollossa, sill\u00e4 ajattelemme, ett\u00e4 jokaisella lapsella on oikeus el\u00e4\u00e4 mahdollisimman tavallista, huoletonta lapsuutta kodinomaisessa ymp\u00e4rist\u00f6ss\u00e4.<\/p>\n\n\n\n<p class=\"has-medium-font-size\"><\/p>\n","protected":false},"excerpt":{"rendered":"<p>Lastensuojelupalvelut Nummenlinna Oy on tarjonnut lastensuojelun sijaishuollon palveluita vuodesta 2011.&nbsp;Yksikk\u00f6mme Pienryhm\u00e4koti Nummenlinna Tuusulan Kellokoskella ja Pienryhm\u00e4koti Sofianna J\u00e4rvenp\u00e4\u00e4ss\u00e4 toimivat perustason laitosluvilla. Molemmissa pienryhm\u00e4kodeissamme on seitsem\u00e4n&nbsp;paikkaa huostaanotetuille tai avohuollon tukitoimena sijoitetuille kouluik\u00e4isille lapsille ja nuorille, jotka hy\u00f6tyv\u00e4t&nbsp;hoidosta ja kasvatuksesta kodikkaassa ymp\u00e4rist\u00f6ss\u00e4.&nbsp;Kiireelliset sijoitukset ovat mahdollisia tarkoin arvioituna, sill\u00e4 pyrimme s\u00e4ilytt\u00e4m\u00e4\u00e4n mahdollisimman vakaat ja ennakoitavat olosuhteet meille jo&#8230;<\/p>\n","protected":false},"author":1,"featured_media":0,"parent":0,"menu_order":0,"comment_status":"closed","ping_status":"closed","template":"","meta":{"footnotes":""},"class_list":["post-3464","page","type-page","status-publish","hentry"],"_links":{"self":[{"href":"https:\/\/nummenlinna.fi\/index.php\/wp-json\/wp\/v2\/pages\/3464","targetHints":{"allow":["GET"]}}],"collection":[{"href":"https:\/\/nummenlinna.fi\/index.php\/wp-json\/wp\/v2\/pages"}],"about":[{"href":"https:\/\/nummenlinna.fi\/index.php\/wp-json\/wp\/v2\/types\/page"}],"author":[{"embeddable":true,"href":"https:\/\/nummenlinna.fi\/index.php\/wp-json\/wp\/v2\/users\/1"}],"replies":[{"embeddable":true,"href":"https:\/\/nummenlinna.fi\/index.php\/wp-json\/wp\/v2\/comments?post=3464"}],"version-history":[{"count":7,"href":"https:\/\/nummenlinna.fi\/index.php\/wp-json\/wp\/v2\/pages\/3464\/revisions"}],"predecessor-version":[{"id":3913,"href":"https:\/\/nummenlinna.fi\/index.php\/wp-json\/wp\/v2\/pages\/3464\/revisions\/3913"}],"wp:attachment":[{"href":"https:\/\/nummenlinna.fi\/index.php\/wp-json\/wp\/v2\/media?parent=3464"}],"curies":[{"name":"wp","href":"https:\/\/api.w.org\/{rel}","templated":true}]}}