{"id":3875,"date":"2026-03-16T11:23:34","date_gmt":"2026-03-16T11:23:34","guid":{"rendered":"https:\/\/nummenlinna.fi\/?page_id=3875"},"modified":"2026-03-26T14:35:59","modified_gmt":"2026-03-26T14:35:59","slug":"omavalvonta","status":"publish","type":"page","link":"https:\/\/nummenlinna.fi\/index.php\/omavalvonta\/","title":{"rendered":"Omavalvonta"},"content":{"rendered":"\n<p class=\"has-text-align-left\">Laki sosiaali- ja terveydenhuollon valvonnasta astui voimaan 1.1.2024. Sen mukaan palveluntuottajan on valvottava oman ja alihankkijansa toiminnan laatua ja asianmukaisuutta sek\u00e4 asiakas- ja<br>potilasturvallisuutta. Lastensuojelupalvelut Nummenlinna Oy:ssa omavalvontaa toteutetaan yksikk\u00f6kohtaisesti laadittuihin omavalvontasuunnitelmiin sek\u00e4 palveluntuottajatasoiseen omavalvontaohjelmaan perustuen ja ne toimivat k\u00e4yt\u00e4nn\u00f6n ty\u00f6ss\u00e4 teht\u00e4v\u00e4n omavalvonnan runkona. Toiminnan laatua, asianmukaisuutta ja asiakasturvallisuutta arvioidaan ty\u00f6yhteis\u00f6ss\u00e4 s\u00e4\u00e4nn\u00f6llisesti ja seurannasta kirjataan omavalvontasuunnitelman seurantaraportti 4 kuukauden v\u00e4lein.<\/p>\n\n\n\n<p>Omavalvonnan dokumentit ovat julkisia asiakirjoja. Alla olevia linkkej\u00e4 klikkaamalla p\u00e4\u00e4set tutustumaan omavalvontaamme. <\/p>\n\n\n\n<p><a href=\"https:\/\/nummenlinna.fi\/wp-content\/uploads\/2026\/03\/Omavalvontaohjelma.pdf\" data-type=\"attachment\" data-id=\"3869\" target=\"_blank\" rel=\"noreferrer noopener\">Omavalvontaohjelma<\/a><\/p>\n\n\n\n<p><a href=\"https:\/\/nummenlinna.fi\/wp-content\/uploads\/2026\/02\/Omavalvontasuunnitelma-Pienryhmakoti-Nummenlinna.pdf\" data-type=\"attachment\" data-id=\"3743\" target=\"_blank\" rel=\"noreferrer noopener\">Omavalvontasuunnitelma Pienryhm\u00e4koti Nummenlinna<\/a><\/p>\n\n\n\n<p><a href=\"https:\/\/nummenlinna.fi\/wp-content\/uploads\/2026\/02\/Omavalvontasuunnitelma-Pienryhmakoti-Sofianna.pdf\" data-type=\"attachment\" data-id=\"3741\" target=\"_blank\" rel=\"noreferrer noopener\">Omavalvontasuunnitelma Pienryhm\u00e4koti Sofianna<\/a><\/p>\n\n\n\n<p><strong>Omavalvonnan seurantaraportit<\/strong><\/p>\n\n\n\n<p><a href=\"https:\/\/nummenlinna.fi\/wp-content\/uploads\/2026\/02\/Omavalvonnan-seurantaraportti-Pienryhmakoti-Nummenlinna.pdf\" data-type=\"attachment\" data-id=\"3758\" target=\"_blank\" rel=\"noreferrer noopener\">Seurantaraportti hein\u00e4-lokakuu 2025 Pienryhm\u00e4koti Nummenlinna <\/a><\/p>\n\n\n\n<p><a href=\"https:\/\/nummenlinna.fi\/wp-content\/uploads\/2026\/03\/Omavalvontasuunnitelman-seurantaraportti-marraskuu-2025-helmikuu-2026.pdf\" data-type=\"attachment\" data-id=\"3903\">Seurantaraportti marras2025-helmi2026 Pienryhm\u00e4koti Nummenlinna<\/a><\/p>\n\n\n\n<p><a href=\"https:\/\/nummenlinna.fi\/wp-content\/uploads\/2026\/03\/Seurantaraportti-loka-2025-tammi-2026-Pienryhmakoti-Sofianna.pdf\" data-type=\"attachment\" data-id=\"3905\" target=\"_blank\" rel=\"noreferrer noopener\">Seurantaraportti loka2025-tammi2026 Pienryhm\u00e4koti Sofianna<\/a><\/p>\n\n\n\n<p><\/p>\n","protected":false},"excerpt":{"rendered":"<p>Laki sosiaali- ja terveydenhuollon valvonnasta astui voimaan 1.1.2024. Sen mukaan palveluntuottajan on valvottava oman ja alihankkijansa toiminnan laatua ja asianmukaisuutta sek\u00e4 asiakas- japotilasturvallisuutta. Lastensuojelupalvelut Nummenlinna Oy:ssa omavalvontaa toteutetaan yksikk\u00f6kohtaisesti laadittuihin omavalvontasuunnitelmiin sek\u00e4 palveluntuottajatasoiseen omavalvontaohjelmaan perustuen ja ne toimivat k\u00e4yt\u00e4nn\u00f6n ty\u00f6ss\u00e4 teht\u00e4v\u00e4n omavalvonnan runkona. Toiminnan laatua, asianmukaisuutta ja asiakasturvallisuutta arvioidaan ty\u00f6yhteis\u00f6ss\u00e4 s\u00e4\u00e4nn\u00f6llisesti ja seurannasta kirjataan omavalvontasuunnitelman&#8230;<\/p>\n","protected":false},"author":1,"featured_media":0,"parent":0,"menu_order":0,"comment_status":"closed","ping_status":"closed","template":"","meta":{"footnotes":""},"class_list":["post-3875","page","type-page","status-publish","hentry"],"_links":{"self":[{"href":"https:\/\/nummenlinna.fi\/index.php\/wp-json\/wp\/v2\/pages\/3875","targetHints":{"allow":["GET"]}}],"collection":[{"href":"https:\/\/nummenlinna.fi\/index.php\/wp-json\/wp\/v2\/pages"}],"about":[{"href":"https:\/\/nummenlinna.fi\/index.php\/wp-json\/wp\/v2\/types\/page"}],"author":[{"embeddable":true,"href":"https:\/\/nummenlinna.fi\/index.php\/wp-json\/wp\/v2\/users\/1"}],"replies":[{"embeddable":true,"href":"https:\/\/nummenlinna.fi\/index.php\/wp-json\/wp\/v2\/comments?post=3875"}],"version-history":[{"count":14,"href":"https:\/\/nummenlinna.fi\/index.php\/wp-json\/wp\/v2\/pages\/3875\/revisions"}],"predecessor-version":[{"id":3907,"href":"https:\/\/nummenlinna.fi\/index.php\/wp-json\/wp\/v2\/pages\/3875\/revisions\/3907"}],"wp:attachment":[{"href":"https:\/\/nummenlinna.fi\/index.php\/wp-json\/wp\/v2\/media?parent=3875"}],"curies":[{"name":"wp","href":"https:\/\/api.w.org\/{rel}","templated":true}]}}